{"id":11,"date":"2024-01-20T16:33:30","date_gmt":"2024-01-20T16:33:30","guid":{"rendered":"https:\/\/seymenogluetkofte.com\/index.php\/sepet\/"},"modified":"2024-01-20T16:33:30","modified_gmt":"2024-01-20T16:33:30","slug":"sepet","status":"publish","type":"page","link":"https:\/\/seymenogluetkofte.com\/index.php\/sepet\/","title":{"rendered":"Sepet"},"content":{"rendered":"<div data-block-name=\"woocommerce\/cart\" class=\"wp-block-woocommerce-cart alignwide is-loading\"><div data-block-name=\"woocommerce\/filled-cart-block\" class=\"wp-block-woocommerce-filled-cart-block\"><div data-block-name=\"woocommerce\/cart-items-block\" class=\"wp-block-woocommerce-cart-items-block\"><div data-block-name=\"woocommerce\/cart-line-items-block\" class=\"wp-block-woocommerce-cart-line-items-block\"><\/div>\n\n<div data-block-name=\"woocommerce\/cart-cross-sells-block\" class=\"wp-block-woocommerce-cart-cross-sells-block\"><h2 class=\"wp-block-heading has-large-font-size\">\u0130lginizi \u00e7ekebilir\u2026<\/h2>\n\n<div data-block-name=\"woocommerce\/cart-cross-sells-products-block\" class=\"wp-block-woocommerce-cart-cross-sells-products-block\"><\/div><\/div><\/div>\n\n<div data-block-name=\"woocommerce\/cart-totals-block\" class=\"wp-block-woocommerce-cart-totals-block\"><div data-block-name=\"woocommerce\/cart-order-summary-block\" class=\"wp-block-woocommerce-cart-order-summary-block\"><div data-block-name=\"woocommerce\/cart-order-summary-heading-block\" class=\"wp-block-woocommerce-cart-order-summary-heading-block\"><\/div><div data-block-name=\"woocommerce\/cart-order-summary-coupon-form-block\" class=\"wp-block-woocommerce-cart-order-summary-coupon-form-block\"><\/div><div data-block-name=\"woocommerce\/cart-order-summary-totals-block\" class=\"wp-block-woocommerce-cart-order-summary-totals-block\">\n<div data-block-name=\"woocommerce\/cart-order-summary-subtotal-block\" class=\"wp-block-woocommerce-cart-order-summary-subtotal-block\"><\/div>\n<div data-block-name=\"woocommerce\/cart-order-summary-discount-block\" class=\"wp-block-woocommerce-cart-order-summary-discount-block\"><\/div>\n<div data-block-name=\"woocommerce\/cart-order-summary-fee-block\" class=\"wp-block-woocommerce-cart-order-summary-fee-block\"><\/div>\n<div data-block-name=\"woocommerce\/cart-order-summary-shipping-block\" class=\"wp-block-woocommerce-cart-order-summary-shipping-block\"><\/div>\n<div data-block-name=\"woocommerce\/cart-order-summary-taxes-block\" class=\"wp-block-woocommerce-cart-order-summary-taxes-block\"><\/div><\/div><\/div>\n\n<div data-block-name=\"woocommerce\/cart-express-payment-block\" class=\"wp-block-woocommerce-cart-express-payment-block\"><\/div>\n\n<div data-block-name=\"woocommerce\/proceed-to-checkout-block\" class=\"wp-block-woocommerce-proceed-to-checkout-block\"><\/div>\n\n<div data-block-name=\"woocommerce\/cart-accepted-payment-methods-block\" class=\"wp-block-woocommerce-cart-accepted-payment-methods-block\"><\/div><\/div><\/div>\n\n<div data-block-name=\"woocommerce\/empty-cart-block\" class=\"wp-block-woocommerce-empty-cart-block\"><h2 class=\"wp-block-heading has-text-align-center with-empty-cart-icon wc-block-cart__empty-cart__title\">Sepetiniz \u015fu anda bo\u015f!<\/h2>\n\n<hr class=\"wp-block-separator has-alpha-channel-opacity is-style-dots\"\/>\n\n<h2 class=\"wp-block-heading has-text-align-center\">Ma\u011fazada yeni<\/h2>\n\n<div data-block-name=\"woocommerce\/product-new\" data-columns=\"4\" data-rows=\"1\" class=\"wc-block-grid wp-block-product-new wp-block-woocommerce-product-new wc-block-product-new has-4-columns\"><ul class=\"wc-block-grid__products\"><li class=\"wc-block-grid__product\">\n\t\t\t\t<a href=\"https:\/\/seymenogluetkofte.com\/index.php\/urun\/free-range-naturally-raised-ground-iowa-pork\/\" class=\"wc-block-grid__product-link\">\n\t\t\t\t\t\n\t\t\t\t\t<div class=\"wc-block-grid__product-image\"><img fetchpriority=\"high\" decoding=\"async\" width=\"460\" height=\"460\" src=\"https:\/\/seymenogluetkofte.com\/wp-content\/uploads\/2023\/04\/placeholder-460x460.jpeg\" class=\"attachment-woocommerce_thumbnail size-woocommerce_thumbnail\" alt=\"Free range naturally raised ground iowa pork\" srcset=\"https:\/\/seymenogluetkofte.com\/wp-content\/uploads\/2023\/04\/placeholder-460x460.jpeg 460w, https:\/\/seymenogluetkofte.com\/wp-content\/uploads\/2023\/04\/placeholder-150x150.jpeg 150w, https:\/\/seymenogluetkofte.com\/wp-content\/uploads\/2023\/04\/placeholder-600x600.jpeg 600w, https:\/\/seymenogluetkofte.com\/wp-content\/uploads\/2023\/04\/placeholder-96x96.jpeg 96w\" sizes=\"(max-width: 460px) 100vw, 460px\" \/><\/div>\n\t\t\t\t\t<div class=\"wc-block-grid__product-title\">Free range naturally raised ground iowa pork<\/div>\n\t\t\t\t<\/a>\n\t\t\t\t<div class=\"wc-block-grid__product-price price\"><span class=\"woocommerce-Price-amount amount\"><span class=\"woocommerce-Price-currencySymbol\">&#036;<\/span>103.53<\/span><\/div>\n\t\t\t\t<div class=\"wc-block-grid__product-rating\"><div class=\"star-rating\" role=\"img\" aria-label=\"5 \u00fczerinden 3.40 oy ald\u0131\"><span style=\"width:68%\"><span class=\"rating\">5<\/span> m\u00fc\u015fteri puan\u0131na dayanarak 5 \u00fczerinden <strong class=\"rating\">3.40<\/strong> puan ald\u0131<\/span><\/div><\/div>\n\t\t\t\t<div class=\"wp-block-button wc-block-grid__product-add-to-cart\"><a href=\"?add-to-cart=5355\" aria-label=\"Sepete ekle: \u201cFree range naturally raised ground iowa pork\u201d\" data-quantity=\"1\" data-product_id=\"5355\" data-product_sku=\"rustic-plastic-shoes-74873203-1-1-2-2\" data-price=\"103.53\" rel=\"nofollow\" class=\"wp-block-button__link  add_to_cart_button ajax_add_to_cart\">Sepete Ekle<\/a><\/div>\n\t\t\t<\/li><li class=\"wc-block-grid__product\">\n\t\t\t\t<a href=\"https:\/\/seymenogluetkofte.com\/index.php\/urun\/gloucester-old-spot-skinless-pork-butt\/\" class=\"wc-block-grid__product-link\">\n\t\t\t\t\t\n\t\t\t\t\t<div class=\"wc-block-grid__product-image\"><img decoding=\"async\" width=\"460\" height=\"460\" src=\"https:\/\/seymenogluetkofte.com\/wp-content\/uploads\/2023\/04\/placeholder-460x460.jpeg\" class=\"attachment-woocommerce_thumbnail size-woocommerce_thumbnail\" alt=\"Gloucester old spot skinless pork butt\" srcset=\"https:\/\/seymenogluetkofte.com\/wp-content\/uploads\/2023\/04\/placeholder-460x460.jpeg 460w, https:\/\/seymenogluetkofte.com\/wp-content\/uploads\/2023\/04\/placeholder-150x150.jpeg 150w, https:\/\/seymenogluetkofte.com\/wp-content\/uploads\/2023\/04\/placeholder-600x600.jpeg 600w, https:\/\/seymenogluetkofte.com\/wp-content\/uploads\/2023\/04\/placeholder-96x96.jpeg 96w\" sizes=\"(max-width: 460px) 100vw, 460px\" \/><\/div>\n\t\t\t\t\t<div class=\"wc-block-grid__product-title\">Gloucester old spot skinless pork butt<\/div>\n\t\t\t\t<\/a>\n\t\t\t\t<div class=\"wc-block-grid__product-price price\"><span class=\"woocommerce-Price-amount amount\"><span class=\"woocommerce-Price-currencySymbol\">&#036;<\/span>78.60<\/span><\/div>\n\t\t\t\t<div class=\"wc-block-grid__product-rating\"><div class=\"star-rating\" role=\"img\" aria-label=\"5 \u00fczerinden 4.00 oy ald\u0131\"><span style=\"width:80%\"><span class=\"rating\">5<\/span> m\u00fc\u015fteri puan\u0131na dayanarak 5 \u00fczerinden <strong class=\"rating\">4.00<\/strong> puan ald\u0131<\/span><\/div><\/div>\n\t\t\t\t<div class=\"wp-block-button wc-block-grid__product-add-to-cart\"><a href=\"?add-to-cart=5353\" aria-label=\"Sepete ekle: \u201cGloucester old spot skinless pork butt\u201d\" data-quantity=\"1\" data-product_id=\"5353\" data-product_sku=\"rustic-plastic-shoes-74873203-1-1-2-1\" data-price=\"78.6\" rel=\"nofollow\" class=\"wp-block-button__link  add_to_cart_button ajax_add_to_cart\">Sepete Ekle<\/a><\/div>\n\t\t\t<\/li><li class=\"wc-block-grid__product\">\n\t\t\t\t<a href=\"https:\/\/seymenogluetkofte.com\/index.php\/urun\/gloucester-old-spot-pork-loin-chops-4-per-pack\/\" class=\"wc-block-grid__product-link\">\n\t\t\t\t\t\n\t\t\t\t\t<div class=\"wc-block-grid__product-image\"><img decoding=\"async\" width=\"460\" height=\"460\" src=\"https:\/\/seymenogluetkofte.com\/wp-content\/uploads\/2023\/04\/placeholder-460x460.jpeg\" class=\"attachment-woocommerce_thumbnail size-woocommerce_thumbnail\" alt=\"Gloucester old spot pork loin chops ( 4 per pack )\" srcset=\"https:\/\/seymenogluetkofte.com\/wp-content\/uploads\/2023\/04\/placeholder-460x460.jpeg 460w, https:\/\/seymenogluetkofte.com\/wp-content\/uploads\/2023\/04\/placeholder-150x150.jpeg 150w, https:\/\/seymenogluetkofte.com\/wp-content\/uploads\/2023\/04\/placeholder-600x600.jpeg 600w, https:\/\/seymenogluetkofte.com\/wp-content\/uploads\/2023\/04\/placeholder-96x96.jpeg 96w\" sizes=\"(max-width: 460px) 100vw, 460px\" \/><\/div>\n\t\t\t\t\t<div class=\"wc-block-grid__product-title\">Gloucester old spot pork loin chops ( 4 per pack )<\/div>\n\t\t\t\t<\/a>\n\t\t\t\t<div class=\"wc-block-grid__product-price price\"><span class=\"woocommerce-Price-amount amount\"><span class=\"woocommerce-Price-currencySymbol\">&#036;<\/span>203.53<\/span><\/div>\n\t\t\t\t<div class=\"wc-block-grid__product-rating\"><div class=\"star-rating\" role=\"img\" aria-label=\"5 \u00fczerinden 4.00 oy ald\u0131\"><span style=\"width:80%\"><span class=\"rating\">5<\/span> m\u00fc\u015fteri puan\u0131na dayanarak 5 \u00fczerinden <strong class=\"rating\">4.00<\/strong> puan ald\u0131<\/span><\/div><\/div>\n\t\t\t\t<div class=\"wp-block-button wc-block-grid__product-add-to-cart\"><a href=\"?add-to-cart=5346\" aria-label=\"Sepete ekle: \u201cGloucester old spot pork loin chops ( 4 per pack )\u201d\" data-quantity=\"1\" data-product_id=\"5346\" data-product_sku=\"rustic-plastic-shoes-74873203-1-1-2\" data-price=\"203.53\" rel=\"nofollow\" class=\"wp-block-button__link  add_to_cart_button ajax_add_to_cart\">Sepete Ekle<\/a><\/div>\n\t\t\t<\/li><li class=\"wc-block-grid__product\">\n\t\t\t\t<a href=\"https:\/\/seymenogluetkofte.com\/index.php\/urun\/gloucester-old-spot-pork-smoked-sliced-bacon\/\" class=\"wc-block-grid__product-link\">\n\t\t\t\t\t\n\t\t\t\t\t<div class=\"wc-block-grid__product-image\"><img loading=\"lazy\" decoding=\"async\" width=\"460\" height=\"460\" src=\"https:\/\/seymenogluetkofte.com\/wp-content\/uploads\/2023\/04\/placeholder-460x460.jpeg\" class=\"attachment-woocommerce_thumbnail size-woocommerce_thumbnail\" alt=\"Gloucester old spot pork smoked sliced bacon\" srcset=\"https:\/\/seymenogluetkofte.com\/wp-content\/uploads\/2023\/04\/placeholder-460x460.jpeg 460w, https:\/\/seymenogluetkofte.com\/wp-content\/uploads\/2023\/04\/placeholder-150x150.jpeg 150w, https:\/\/seymenogluetkofte.com\/wp-content\/uploads\/2023\/04\/placeholder-600x600.jpeg 600w, https:\/\/seymenogluetkofte.com\/wp-content\/uploads\/2023\/04\/placeholder-96x96.jpeg 96w\" sizes=\"(max-width: 460px) 100vw, 460px\" \/><\/div>\n\t\t\t\t\t<div class=\"wc-block-grid__product-title\">Gloucester old spot pork smoked sliced bacon<\/div>\n\t\t\t\t<\/a>\n\t\t\t\t<div class=\"wc-block-grid__product-price price\"><span class=\"woocommerce-Price-amount amount\"><span class=\"woocommerce-Price-currencySymbol\">&#036;<\/span>129.53<\/span><\/div>\n\t\t\t\t<div class=\"wc-block-grid__product-rating\"><div class=\"star-rating\" role=\"img\" aria-label=\"5 \u00fczerinden 3.80 oy ald\u0131\"><span style=\"width:76%\"><span class=\"rating\">5<\/span> m\u00fc\u015fteri puan\u0131na dayanarak 5 \u00fczerinden <strong class=\"rating\">3.80<\/strong> puan ald\u0131<\/span><\/div><\/div>\n\t\t\t\t<div class=\"wp-block-button wc-block-grid__product-add-to-cart\"><a href=\"?add-to-cart=5344\" aria-label=\"Sepete ekle: \u201cGloucester old spot pork smoked sliced bacon\u201d\" data-quantity=\"1\" data-product_id=\"5344\" data-product_sku=\"rustic-plastic-shoes-74873203-1-1-1\" data-price=\"129.53\" rel=\"nofollow\" class=\"wp-block-button__link  add_to_cart_button ajax_add_to_cart\">Sepete Ekle<\/a><\/div>\n\t\t\t<\/li><\/ul><\/div><\/div><\/div>","protected":false},"excerpt":{"rendered":"","protected":false},"author":1,"featured_media":0,"parent":0,"menu_order":0,"comment_status":"closed","ping_status":"closed","template":"","meta":{"inline_featured_image":false,"footnotes":""},"class_list":["post-11","page","type-page","status-publish","hentry"],"yoast_head":"<!-- This site is optimized with the Yoast SEO plugin v24.6 - https:\/\/yoast.com\/wordpress\/plugins\/seo\/ -->\n<title>Sepet - Seymeno\u011flu Et&amp;K\u00f6fte<\/title>\n<meta name=\"robots\" content=\"index, follow, max-snippet:-1, max-image-preview:large, max-video-preview:-1\" \/>\n<link rel=\"canonical\" href=\"https:\/\/seymenogluetkofte.com\/index.php\/sepet\/\" \/>\n<meta property=\"og:locale\" content=\"tr_TR\" \/>\n<meta property=\"og:type\" content=\"article\" \/>\n<meta property=\"og:title\" content=\"Sepet - Seymeno\u011flu Et&amp;K\u00f6fte\" \/>\n<meta property=\"og:url\" content=\"https:\/\/seymenogluetkofte.com\/index.php\/sepet\/\" \/>\n<meta property=\"og:site_name\" content=\"Seymeno\u011flu Et&amp;K\u00f6fte\" \/>\n<meta name=\"twitter:card\" content=\"summary_large_image\" \/>\n<script type=\"application\/ld+json\" class=\"yoast-schema-graph\">{\"@context\":\"https:\/\/schema.org\",\"@graph\":[{\"@type\":\"WebPage\",\"@id\":\"https:\/\/seymenogluetkofte.com\/index.php\/sepet\/\",\"url\":\"https:\/\/seymenogluetkofte.com\/index.php\/sepet\/\",\"name\":\"Sepet - Seymeno\u011flu Et&amp;K\u00f6fte\",\"isPartOf\":{\"@id\":\"https:\/\/seymenogluetkofte.com\/#website\"},\"datePublished\":\"2024-01-20T16:33:30+00:00\",\"breadcrumb\":{\"@id\":\"https:\/\/seymenogluetkofte.com\/index.php\/sepet\/#breadcrumb\"},\"inLanguage\":\"tr\",\"potentialAction\":[{\"@type\":\"ReadAction\",\"target\":[\"https:\/\/seymenogluetkofte.com\/index.php\/sepet\/\"]}]},{\"@type\":\"BreadcrumbList\",\"@id\":\"https:\/\/seymenogluetkofte.com\/index.php\/sepet\/#breadcrumb\",\"itemListElement\":[{\"@type\":\"ListItem\",\"position\":1,\"name\":\"Anasayfa\",\"item\":\"https:\/\/seymenogluetkofte.com\/\"},{\"@type\":\"ListItem\",\"position\":2,\"name\":\"Sepet\"}]},{\"@type\":\"WebSite\",\"@id\":\"https:\/\/seymenogluetkofte.com\/#website\",\"url\":\"https:\/\/seymenogluetkofte.com\/\",\"name\":\"Seymeno\u011flu Et&amp;K\u00f6fte\",\"description\":\"\",\"publisher\":{\"@id\":\"https:\/\/seymenogluetkofte.com\/#organization\"},\"potentialAction\":[{\"@type\":\"SearchAction\",\"target\":{\"@type\":\"EntryPoint\",\"urlTemplate\":\"https:\/\/seymenogluetkofte.com\/?s={search_term_string}\"},\"query-input\":{\"@type\":\"PropertyValueSpecification\",\"valueRequired\":true,\"valueName\":\"search_term_string\"}}],\"inLanguage\":\"tr\"},{\"@type\":\"Organization\",\"@id\":\"https:\/\/seymenogluetkofte.com\/#organization\",\"name\":\"Seymeno\u011flu Et&amp;K\u00f6fte\",\"url\":\"https:\/\/seymenogluetkofte.com\/\",\"logo\":{\"@type\":\"ImageObject\",\"inLanguage\":\"tr\",\"@id\":\"https:\/\/seymenogluetkofte.com\/#\/schema\/logo\/image\/\",\"url\":\"https:\/\/seymenogluetkofte.com\/wp-content\/uploads\/2023\/04\/logo1.svg\",\"contentUrl\":\"https:\/\/seymenogluetkofte.com\/wp-content\/uploads\/2023\/04\/logo1.svg\",\"width\":116,\"height\":94,\"caption\":\"Seymeno\u011flu Et&amp;K\u00f6fte\"},\"image\":{\"@id\":\"https:\/\/seymenogluetkofte.com\/#\/schema\/logo\/image\/\"}}]}<\/script>\n<!-- \/ Yoast SEO plugin. -->","yoast_head_json":{"title":"Sepet - Seymeno\u011flu Et&amp;K\u00f6fte","robots":{"index":"index","follow":"follow","max-snippet":"max-snippet:-1","max-image-preview":"max-image-preview:large","max-video-preview":"max-video-preview:-1"},"canonical":"https:\/\/seymenogluetkofte.com\/index.php\/sepet\/","og_locale":"tr_TR","og_type":"article","og_title":"Sepet - Seymeno\u011flu Et&amp;K\u00f6fte","og_url":"https:\/\/seymenogluetkofte.com\/index.php\/sepet\/","og_site_name":"Seymeno\u011flu Et&amp;K\u00f6fte","twitter_card":"summary_large_image","schema":{"@context":"https:\/\/schema.org","@graph":[{"@type":"WebPage","@id":"https:\/\/seymenogluetkofte.com\/index.php\/sepet\/","url":"https:\/\/seymenogluetkofte.com\/index.php\/sepet\/","name":"Sepet - Seymeno\u011flu Et&amp;K\u00f6fte","isPartOf":{"@id":"https:\/\/seymenogluetkofte.com\/#website"},"datePublished":"2024-01-20T16:33:30+00:00","breadcrumb":{"@id":"https:\/\/seymenogluetkofte.com\/index.php\/sepet\/#breadcrumb"},"inLanguage":"tr","potentialAction":[{"@type":"ReadAction","target":["https:\/\/seymenogluetkofte.com\/index.php\/sepet\/"]}]},{"@type":"BreadcrumbList","@id":"https:\/\/seymenogluetkofte.com\/index.php\/sepet\/#breadcrumb","itemListElement":[{"@type":"ListItem","position":1,"name":"Anasayfa","item":"https:\/\/seymenogluetkofte.com\/"},{"@type":"ListItem","position":2,"name":"Sepet"}]},{"@type":"WebSite","@id":"https:\/\/seymenogluetkofte.com\/#website","url":"https:\/\/seymenogluetkofte.com\/","name":"Seymeno\u011flu Et&amp;K\u00f6fte","description":"","publisher":{"@id":"https:\/\/seymenogluetkofte.com\/#organization"},"potentialAction":[{"@type":"SearchAction","target":{"@type":"EntryPoint","urlTemplate":"https:\/\/seymenogluetkofte.com\/?s={search_term_string}"},"query-input":{"@type":"PropertyValueSpecification","valueRequired":true,"valueName":"search_term_string"}}],"inLanguage":"tr"},{"@type":"Organization","@id":"https:\/\/seymenogluetkofte.com\/#organization","name":"Seymeno\u011flu Et&amp;K\u00f6fte","url":"https:\/\/seymenogluetkofte.com\/","logo":{"@type":"ImageObject","inLanguage":"tr","@id":"https:\/\/seymenogluetkofte.com\/#\/schema\/logo\/image\/","url":"https:\/\/seymenogluetkofte.com\/wp-content\/uploads\/2023\/04\/logo1.svg","contentUrl":"https:\/\/seymenogluetkofte.com\/wp-content\/uploads\/2023\/04\/logo1.svg","width":116,"height":94,"caption":"Seymeno\u011flu Et&amp;K\u00f6fte"},"image":{"@id":"https:\/\/seymenogluetkofte.com\/#\/schema\/logo\/image\/"}}]}},"_links":{"self":[{"href":"https:\/\/seymenogluetkofte.com\/index.php\/wp-json\/wp\/v2\/pages\/11","targetHints":{"allow":["GET"]}}],"collection":[{"href":"https:\/\/seymenogluetkofte.com\/index.php\/wp-json\/wp\/v2\/pages"}],"about":[{"href":"https:\/\/seymenogluetkofte.com\/index.php\/wp-json\/wp\/v2\/types\/page"}],"author":[{"embeddable":true,"href":"https:\/\/seymenogluetkofte.com\/index.php\/wp-json\/wp\/v2\/users\/1"}],"replies":[{"embeddable":true,"href":"https:\/\/seymenogluetkofte.com\/index.php\/wp-json\/wp\/v2\/comments?post=11"}],"version-history":[{"count":0,"href":"https:\/\/seymenogluetkofte.com\/index.php\/wp-json\/wp\/v2\/pages\/11\/revisions"}],"wp:attachment":[{"href":"https:\/\/seymenogluetkofte.com\/index.php\/wp-json\/wp\/v2\/media?parent=11"}],"curies":[{"name":"wp","href":"https:\/\/api.w.org\/{rel}","templated":true}]}}